{"id":1242,"date":"2023-08-03T16:13:38","date_gmt":"2023-08-03T21:13:38","guid":{"rendered":"https:\/\/freundlatam.com\/?post_type=product&#038;p=1242"},"modified":"2023-08-24T20:48:17","modified_gmt":"2023-08-25T01:48:17","slug":"uni-portal-up4","status":"publish","type":"product","link":"https:\/\/freundlatam.com\/index.php\/producto\/uni-portal-up4\/","title":{"rendered":"Bastidor UNI-PORTAL UP4"},"content":{"rendered":"<p>Bastidor de p\u00f3rtico universal.<\/p>\n<p>Construcci\u00f3n de p\u00f3rtico combinable universal.<\/p>\n<p>-Para cuchillos circulares para despiece ZKM y otras maquinas.<\/p>\n<p>-Varias opciones de configuraci\u00f3n gracias al dise\u00f1o modular.<\/p>\n<p>-F\u00e1cil adaptaci\u00f3n a las dimensiones de la planta.<\/p>\n<p>Para la instalaci\u00f3n o integraci\u00f3n sencilla de, p. ej., cuchillos circulares en l\u00edneas de despiece:<\/p>\n<p>-ZKM75-DA<\/p>\n<p>-ZKM60-DA-MS<\/p>\n","protected":false},"excerpt":{"rendered":"<p>Bastidor de p\u00f3rtico universal. Construcci\u00f3n de p\u00f3rtico combinable universal. -Para cuchillos circulares para despiece ZKM y otras maquinas. -Varias opciones<\/p>\n","protected":false},"featured_media":1257,"comment_status":"open","ping_status":"closed","template":"","meta":[],"product_cat":[54],"product_tag":[],"class_list":{"0":"post-1242","1":"product","2":"type-product","3":"status-publish","4":"has-post-thumbnail","6":"product_cat-despiece-c3","8":"first","9":"instock","10":"shipping-taxable","11":"product-type-simple"},"_links":{"self":[{"href":"https:\/\/freundlatam.com\/index.php\/wp-json\/wp\/v2\/product\/1242","targetHints":{"allow":["GET"]}}],"collection":[{"href":"https:\/\/freundlatam.com\/index.php\/wp-json\/wp\/v2\/product"}],"about":[{"href":"https:\/\/freundlatam.com\/index.php\/wp-json\/wp\/v2\/types\/product"}],"replies":[{"embeddable":true,"href":"https:\/\/freundlatam.com\/index.php\/wp-json\/wp\/v2\/comments?post=1242"}],"version-history":[{"count":2,"href":"https:\/\/freundlatam.com\/index.php\/wp-json\/wp\/v2\/product\/1242\/revisions"}],"predecessor-version":[{"id":1354,"href":"https:\/\/freundlatam.com\/index.php\/wp-json\/wp\/v2\/product\/1242\/revisions\/1354"}],"wp:featuredmedia":[{"embeddable":true,"href":"https:\/\/freundlatam.com\/index.php\/wp-json\/wp\/v2\/media\/1257"}],"wp:attachment":[{"href":"https:\/\/freundlatam.com\/index.php\/wp-json\/wp\/v2\/media?parent=1242"}],"wp:term":[{"taxonomy":"product_cat","embeddable":true,"href":"https:\/\/freundlatam.com\/index.php\/wp-json\/wp\/v2\/product_cat?post=1242"},{"taxonomy":"product_tag","embeddable":true,"href":"https:\/\/freundlatam.com\/index.php\/wp-json\/wp\/v2\/product_tag?post=1242"}],"curies":[{"name":"wp","href":"https:\/\/api.w.org\/{rel}","templated":true}]}}