{"id":1232,"date":"2023-07-12T22:59:55","date_gmt":"2023-07-13T03:59:55","guid":{"rendered":"https:\/\/freundlatam.com\/?post_type=product&#038;p=1232"},"modified":"2024-11-10T11:31:22","modified_gmt":"2024-11-10T16:31:22","slug":"scr","status":"publish","type":"product","link":"https:\/\/freundlatam.com\/index.php\/producto\/scr\/","title":{"rendered":"Cuchillo SCR"},"content":{"rendered":"<p>Cuchillo circular\/Trimmer para retirar la m\u00e9dula espinar.<\/p>\n<p>La forma m\u00e1s moderma de retirar la m\u00e9dula espinal asilando completamente el material de riesgo.<\/p>\n<p>El cord\u00f3n de la m\u00e9dula espinal se aspira por vac\u00edo (equipo de vac\u00edo VSS=accesorio).<\/p>\n<p>El corte interior separa los ganglios espinales sin da\u00f1ar la meninge medular.<\/p>\n<p>Disponible en dos tama\u00f1os de cuchilla distintos: SCR16 para cerdos y SCR para vacuno.<\/p>\n","protected":false},"excerpt":{"rendered":"<p>Cuchillo circular\/trimmer para retirar la m\u00e9dula espinal.<\/p>\n","protected":false},"featured_media":1233,"comment_status":"open","ping_status":"closed","template":"","meta":[],"product_cat":[53],"product_tag":[68],"class_list":{"0":"post-1232","1":"product","2":"type-product","3":"status-publish","4":"has-post-thumbnail","6":"product_cat-matanza-c2","7":"product_tag-matanza","9":"first","10":"instock","11":"shipping-taxable","12":"product-type-simple"},"_links":{"self":[{"href":"https:\/\/freundlatam.com\/index.php\/wp-json\/wp\/v2\/product\/1232","targetHints":{"allow":["GET"]}}],"collection":[{"href":"https:\/\/freundlatam.com\/index.php\/wp-json\/wp\/v2\/product"}],"about":[{"href":"https:\/\/freundlatam.com\/index.php\/wp-json\/wp\/v2\/types\/product"}],"replies":[{"embeddable":true,"href":"https:\/\/freundlatam.com\/index.php\/wp-json\/wp\/v2\/comments?post=1232"}],"version-history":[{"count":2,"href":"https:\/\/freundlatam.com\/index.php\/wp-json\/wp\/v2\/product\/1232\/revisions"}],"predecessor-version":[{"id":1352,"href":"https:\/\/freundlatam.com\/index.php\/wp-json\/wp\/v2\/product\/1232\/revisions\/1352"}],"wp:featuredmedia":[{"embeddable":true,"href":"https:\/\/freundlatam.com\/index.php\/wp-json\/wp\/v2\/media\/1233"}],"wp:attachment":[{"href":"https:\/\/freundlatam.com\/index.php\/wp-json\/wp\/v2\/media?parent=1232"}],"wp:term":[{"taxonomy":"product_cat","embeddable":true,"href":"https:\/\/freundlatam.com\/index.php\/wp-json\/wp\/v2\/product_cat?post=1232"},{"taxonomy":"product_tag","embeddable":true,"href":"https:\/\/freundlatam.com\/index.php\/wp-json\/wp\/v2\/product_tag?post=1232"}],"curies":[{"name":"wp","href":"https:\/\/api.w.org\/{rel}","templated":true}]}}