{"id":1231,"date":"2023-07-12T22:58:48","date_gmt":"2023-07-13T03:58:48","guid":{"rendered":"https:\/\/freundlatam.com\/?post_type=product&#038;p=1231"},"modified":"2023-08-24T20:28:34","modified_gmt":"2023-08-25T01:28:34","slug":"edf","status":"publish","type":"product","link":"https:\/\/freundlatam.com\/index.php\/producto\/edf\/","title":{"rendered":"Cortador de recto EDF"},"content":{"rendered":"<p>Para el corte \u00f3ptimo del recto de cerdos y cerdas.<\/p>\n<p>Corte m\u00e1s limpio y \u00f3ptimo del jam\u00f3n trasero.<\/p>\n<p>Aumenton del rendimiento al dejar m\u00e1s carne en la carcasa y en el jam\u00f3n, y menos en el recto.<\/p>\n<p>La aspiraci\u00f3n por vac\u00edo de los restos fecales reduce el riesgo de contaminaci\u00f3n cuando el recto cae en la cavidad\u00a0 abdominal.<\/p>\n<p>El sistema de limpieza interior para la cuchilla reduce la contaminaci\u00f3n cruzada.<\/p>\n<p>Disponible en 2 tama\u00f1os: 64mm o 76 mm.<\/p>\n<p>&nbsp;<\/p>\n<p>&nbsp;<\/p>\n","protected":false},"excerpt":{"rendered":"<p>Cortador de recto.<\/p>\n","protected":false},"featured_media":1234,"comment_status":"open","ping_status":"closed","template":"","meta":[],"product_cat":[53],"product_tag":[],"class_list":{"0":"post-1231","1":"product","2":"type-product","3":"status-publish","4":"has-post-thumbnail","6":"product_cat-matanza-c2","8":"first","9":"instock","10":"shipping-taxable","11":"product-type-simple"},"_links":{"self":[{"href":"https:\/\/freundlatam.com\/index.php\/wp-json\/wp\/v2\/product\/1231","targetHints":{"allow":["GET"]}}],"collection":[{"href":"https:\/\/freundlatam.com\/index.php\/wp-json\/wp\/v2\/product"}],"about":[{"href":"https:\/\/freundlatam.com\/index.php\/wp-json\/wp\/v2\/types\/product"}],"replies":[{"embeddable":true,"href":"https:\/\/freundlatam.com\/index.php\/wp-json\/wp\/v2\/comments?post=1231"}],"version-history":[{"count":2,"href":"https:\/\/freundlatam.com\/index.php\/wp-json\/wp\/v2\/product\/1231\/revisions"}],"predecessor-version":[{"id":1350,"href":"https:\/\/freundlatam.com\/index.php\/wp-json\/wp\/v2\/product\/1231\/revisions\/1350"}],"wp:featuredmedia":[{"embeddable":true,"href":"https:\/\/freundlatam.com\/index.php\/wp-json\/wp\/v2\/media\/1234"}],"wp:attachment":[{"href":"https:\/\/freundlatam.com\/index.php\/wp-json\/wp\/v2\/media?parent=1231"}],"wp:term":[{"taxonomy":"product_cat","embeddable":true,"href":"https:\/\/freundlatam.com\/index.php\/wp-json\/wp\/v2\/product_cat?post=1231"},{"taxonomy":"product_tag","embeddable":true,"href":"https:\/\/freundlatam.com\/index.php\/wp-json\/wp\/v2\/product_tag?post=1231"}],"curies":[{"name":"wp","href":"https:\/\/api.w.org\/{rel}","templated":true}]}}