{"id":1185,"date":"2023-07-10T21:36:19","date_gmt":"2023-07-11T02:36:19","guid":{"rendered":"https:\/\/freundlatam.com\/?post_type=product&#038;p=1185"},"modified":"2023-08-16T10:40:06","modified_gmt":"2023-08-16T15:40:06","slug":"stim-e512","status":"publish","type":"product","link":"https:\/\/freundlatam.com\/index.php\/producto\/stim-e512\/","title":{"rendered":"Estimulador STIM-E512"},"content":{"rendered":"<p>Estimulador electr\u00f3nico<\/p>\n<p>Estimulador totalmente programable para explotaciones medianas e indrustriales<\/p>\n<ul>\n<li>Mejor desandrado.<\/li>\n<li>R\u00e1pida ca\u00edda del valor pHy, por tanto, se alcanza m\u00e1s rapidamente el valor mortis.<\/li>\n<li>Mayor rendimiento gracias a la menor p\u00e9rdida de peso.<\/li>\n<li>Pinzas de nariz y conexi\u00f3n a v\u00eda tubular con cable de 10 metros.<\/li>\n<li>Ventajas de estimulaci\u00f3n de baja tensi\u00f3n (&lt;50 voltios)<\/li>\n<li>Inofensivo para las personas.<\/li>\n<li>Carne m\u00e1s blanda.<\/li>\n<li>Mejor color y aroma.<\/li>\n<li>Tiempo de maduraci\u00f3n reducido y mayor conservaci\u00f3n.<\/li>\n<\/ul>\n","protected":false},"excerpt":{"rendered":"<p>Estimulador electr\u00f3nico<\/p>\n","protected":false},"featured_media":1186,"comment_status":"open","ping_status":"closed","template":"","meta":[],"product_cat":[47],"product_tag":[],"class_list":{"0":"post-1185","1":"product","2":"type-product","3":"status-publish","4":"has-post-thumbnail","6":"product_cat-aturdimiento-c1","8":"first","9":"instock","10":"shipping-taxable","11":"product-type-simple"},"_links":{"self":[{"href":"https:\/\/freundlatam.com\/index.php\/wp-json\/wp\/v2\/product\/1185","targetHints":{"allow":["GET"]}}],"collection":[{"href":"https:\/\/freundlatam.com\/index.php\/wp-json\/wp\/v2\/product"}],"about":[{"href":"https:\/\/freundlatam.com\/index.php\/wp-json\/wp\/v2\/types\/product"}],"replies":[{"embeddable":true,"href":"https:\/\/freundlatam.com\/index.php\/wp-json\/wp\/v2\/comments?post=1185"}],"version-history":[{"count":2,"href":"https:\/\/freundlatam.com\/index.php\/wp-json\/wp\/v2\/product\/1185\/revisions"}],"predecessor-version":[{"id":1311,"href":"https:\/\/freundlatam.com\/index.php\/wp-json\/wp\/v2\/product\/1185\/revisions\/1311"}],"wp:featuredmedia":[{"embeddable":true,"href":"https:\/\/freundlatam.com\/index.php\/wp-json\/wp\/v2\/media\/1186"}],"wp:attachment":[{"href":"https:\/\/freundlatam.com\/index.php\/wp-json\/wp\/v2\/media?parent=1185"}],"wp:term":[{"taxonomy":"product_cat","embeddable":true,"href":"https:\/\/freundlatam.com\/index.php\/wp-json\/wp\/v2\/product_cat?post=1185"},{"taxonomy":"product_tag","embeddable":true,"href":"https:\/\/freundlatam.com\/index.php\/wp-json\/wp\/v2\/product_tag?post=1185"}],"curies":[{"name":"wp","href":"https:\/\/api.w.org\/{rel}","templated":true}]}}