{"id":1173,"date":"2023-07-10T21:25:53","date_gmt":"2023-07-11T02:25:53","guid":{"rendered":"https:\/\/freundlatam.com\/?post_type=product&#038;p=1173"},"modified":"2023-08-16T09:47:23","modified_gmt":"2023-08-16T14:47:23","slug":"stun-e8xxl","status":"publish","type":"product","link":"https:\/\/freundlatam.com\/index.php\/producto\/stun-e8xxl\/","title":{"rendered":"Equipo de aturdimiento STUN E8XXL"},"content":{"rendered":"<p>Equipo de aturdido con placa de refrigeraci\u00f3n (corriente constante y alta frecuencia)<\/p>\n<p>Equipo de aturdimiento electr\u00f3nico de corriente constante y alta frecuencia (con capacidad de almacenamiento en la nube) para producciones industriales. Salida con control remoto para pinzas de aturdimiento neum\u00e1ticas y electrodos neum\u00e1ticos para coraz\u00f3n.<\/p>\n<p>&nbsp;<\/p>\n<p>&nbsp;<\/p>\n","protected":false},"excerpt":{"rendered":"<p>Equipo de aturdido con placa de refrigeracion (Corriente constante y alta frecuencia).<\/p>\n","protected":false},"featured_media":1176,"comment_status":"open","ping_status":"closed","template":"","meta":[],"product_cat":[47],"product_tag":[],"class_list":{"0":"post-1173","1":"product","2":"type-product","3":"status-publish","4":"has-post-thumbnail","6":"product_cat-aturdimiento-c1","8":"first","9":"instock","10":"shipping-taxable","11":"product-type-simple"},"_links":{"self":[{"href":"https:\/\/freundlatam.com\/index.php\/wp-json\/wp\/v2\/product\/1173","targetHints":{"allow":["GET"]}}],"collection":[{"href":"https:\/\/freundlatam.com\/index.php\/wp-json\/wp\/v2\/product"}],"about":[{"href":"https:\/\/freundlatam.com\/index.php\/wp-json\/wp\/v2\/types\/product"}],"replies":[{"embeddable":true,"href":"https:\/\/freundlatam.com\/index.php\/wp-json\/wp\/v2\/comments?post=1173"}],"version-history":[{"count":3,"href":"https:\/\/freundlatam.com\/index.php\/wp-json\/wp\/v2\/product\/1173\/revisions"}],"predecessor-version":[{"id":1298,"href":"https:\/\/freundlatam.com\/index.php\/wp-json\/wp\/v2\/product\/1173\/revisions\/1298"}],"wp:featuredmedia":[{"embeddable":true,"href":"https:\/\/freundlatam.com\/index.php\/wp-json\/wp\/v2\/media\/1176"}],"wp:attachment":[{"href":"https:\/\/freundlatam.com\/index.php\/wp-json\/wp\/v2\/media?parent=1173"}],"wp:term":[{"taxonomy":"product_cat","embeddable":true,"href":"https:\/\/freundlatam.com\/index.php\/wp-json\/wp\/v2\/product_cat?post=1173"},{"taxonomy":"product_tag","embeddable":true,"href":"https:\/\/freundlatam.com\/index.php\/wp-json\/wp\/v2\/product_tag?post=1173"}],"curies":[{"name":"wp","href":"https:\/\/api.w.org\/{rel}","templated":true}]}}