{"id":527,"date":"2022-12-15T22:13:20","date_gmt":"2022-12-16T03:13:20","guid":{"rendered":"https:\/\/freundlatam.com\/?page_id=527"},"modified":"2023-09-09T17:32:17","modified_gmt":"2023-09-09T22:32:17","slug":"acerca-de","status":"publish","type":"page","link":"https:\/\/freundlatam.com\/index.php\/acerca-de\/","title":{"rendered":""},"content":{"rendered":"\t\t<div data-elementor-type=\"wp-page\" data-elementor-id=\"527\" class=\"elementor elementor-527\" data-elementor-post-type=\"page\">\n\t\t\t\t\t\t\t\t\t<section class=\"elementor-section elementor-top-section elementor-element elementor-element-02de5f7 elementor-section-stretched elementor-section-boxed elementor-section-height-default elementor-section-height-default\" data-id=\"02de5f7\" data-element_type=\"section\" data-settings=\"{&quot;stretch_section&quot;:&quot;section-stretched&quot;}\">\n\t\t\t\t\t\t<div class=\"elementor-container elementor-column-gap-default\">\n\t\t\t\t\t<div class=\"elementor-column elementor-col-50 elementor-top-column elementor-element elementor-element-693f96e\" data-id=\"693f96e\" data-element_type=\"column\">\n\t\t\t<div class=\"elementor-widget-wrap elementor-element-populated\">\n\t\t\t\t\t\t\t\t<div class=\"elementor-element elementor-element-e764762 elementor-widget elementor-widget-text-editor\" data-id=\"e764762\" data-element_type=\"widget\" data-widget_type=\"text-editor.default\">\n\t\t\t\t<div class=\"elementor-widget-container\">\n\t\t\t<style>\/*! elementor - v3.18.0 - 20-12-2023 *\/\n.elementor-widget-text-editor.elementor-drop-cap-view-stacked .elementor-drop-cap{background-color:#69727d;color:#fff}.elementor-widget-text-editor.elementor-drop-cap-view-framed .elementor-drop-cap{color:#69727d;border:3px solid;background-color:transparent}.elementor-widget-text-editor:not(.elementor-drop-cap-view-default) .elementor-drop-cap{margin-top:8px}.elementor-widget-text-editor:not(.elementor-drop-cap-view-default) .elementor-drop-cap-letter{width:1em;height:1em}.elementor-widget-text-editor .elementor-drop-cap{float:left;text-align:center;line-height:1;font-size:50px}.elementor-widget-text-editor .elementor-drop-cap-letter{display:inline-block}<\/style>\t\t\t\t<h1 style=\"text-align: center;\"><strong>QUI\u00c9NES SOMOS<\/strong><\/h1><div>\u00a0<\/div><p>La compa\u00f1\u00eda <strong>Freund Latam SAS<\/strong>, nace de la alianza entre nuestro partner<br \/>principal <strong>Freund Maschinenfabrik GmbH &amp; Co. KG, Robert Freund, Yucel<\/strong><br \/><strong>Deniz y Juli\u00e1n Preciado<\/strong>, todo con el \ufb01n de brindar una atenci\u00f3n primordial<br \/>al mercado latinoamericano en vista del crecimiento exponencial en<br \/>ventas que se ha tenido durante los \u00faltimos 5 a\u00f1os en \u00e9sta zona, nuestro<br \/>inter\u00e9s principal es acercar toda la tecnolog\u00eda alemana que por tradici\u00f3n<br \/>hemos venido fabricando desde hace casi 100 a\u00f1os pero marcando un<br \/>diferencial con la atenci\u00f3n de personal de habla hispana y manejando<br \/>horarios que se adaptan a nuestros clientes latinos, adicionalmente,<br \/>inventarios disponibles para entrega inmediata en Zona Franca Rionegro,<br \/>Colombia, donde se establece nuestra sede principal.<br \/>Ofrecemos servicio t\u00e9cnico, instalaci\u00f3n y asesor\u00eda amparados por la<br \/>experiencia alemana que nos ha caracterizado siempre y manteniendo<br \/>nuestro sello Made In Germany.<\/p>\t\t\t\t\t\t<\/div>\n\t\t\t\t<\/div>\n\t\t\t\t\t<\/div>\n\t\t<\/div>\n\t\t\t\t<div class=\"elementor-column elementor-col-50 elementor-top-column elementor-element elementor-element-e834ad0\" data-id=\"e834ad0\" data-element_type=\"column\">\n\t\t\t<div class=\"elementor-widget-wrap elementor-element-populated\">\n\t\t\t\t\t\t\t\t<div class=\"elementor-element elementor-element-7e05c40 elementor-widget elementor-widget-image\" data-id=\"7e05c40\" data-element_type=\"widget\" data-widget_type=\"image.default\">\n\t\t\t\t<div class=\"elementor-widget-container\">\n\t\t\t<style>\/*! elementor - v3.18.0 - 20-12-2023 *\/\n.elementor-widget-image{text-align:center}.elementor-widget-image a{display:inline-block}.elementor-widget-image a img[src$=\".svg\"]{width:48px}.elementor-widget-image img{vertical-align:middle;display:inline-block}<\/style>\t\t\t\t\t\t\t\t\t\t\t\t<img fetchpriority=\"high\" decoding=\"async\" width=\"800\" height=\"832\" src=\"https:\/\/freundlatam.com\/wp-content\/uploads\/2022\/12\/Quienes-somos.jpg\" class=\"attachment-large size-large wp-image-805\" alt=\"\" srcset=\"https:\/\/freundlatam.com\/wp-content\/uploads\/2022\/12\/Quienes-somos.jpg 872w, https:\/\/freundlatam.com\/wp-content\/uploads\/2022\/12\/Quienes-somos-800x832.jpg 800w, https:\/\/freundlatam.com\/wp-content\/uploads\/2022\/12\/Quienes-somos-288x300.jpg 288w, https:\/\/freundlatam.com\/wp-content\/uploads\/2022\/12\/Quienes-somos-768x799.jpg 768w\" sizes=\"(max-width: 800px) 100vw, 800px\" \/>\t\t\t\t\t\t\t\t\t\t\t\t\t\t\t<\/div>\n\t\t\t\t<\/div>\n\t\t\t\t\t<\/div>\n\t\t<\/div>\n\t\t\t\t\t\t\t<\/div>\n\t\t<\/section>\n\t\t\t\t<section class=\"elementor-section elementor-top-section elementor-element elementor-element-0876ebb elementor-section-stretched elementor-section-boxed elementor-section-height-default elementor-section-height-default\" data-id=\"0876ebb\" data-element_type=\"section\" data-settings=\"{&quot;stretch_section&quot;:&quot;section-stretched&quot;}\">\n\t\t\t\t\t\t<div class=\"elementor-container elementor-column-gap-default\">\n\t\t\t\t\t<div class=\"elementor-column elementor-col-100 elementor-top-column elementor-element elementor-element-780f1f1\" data-id=\"780f1f1\" data-element_type=\"column\">\n\t\t\t<div class=\"elementor-widget-wrap elementor-element-populated\">\n\t\t\t\t\t\t\t\t<div class=\"elementor-element elementor-element-1482569 elementor-widget elementor-widget-image\" data-id=\"1482569\" data-element_type=\"widget\" data-widget_type=\"image.default\">\n\t\t\t\t<div class=\"elementor-widget-container\">\n\t\t\t\t\t\t\t\t\t\t\t\t\t\t\t<img decoding=\"async\" src=\"https:\/\/freundlatam.com\/wp-content\/uploads\/2022\/12\/linea-de-tiempo_Mesa-de-trabajo-1.jpg\" title=\"linea de tiempo_Mesa de trabajo 1\" alt=\"linea de tiempo_Mesa de trabajo 1\" loading=\"lazy\" \/>\t\t\t\t\t\t\t\t\t\t\t\t\t\t\t<\/div>\n\t\t\t\t<\/div>\n\t\t\t\t\t<\/div>\n\t\t<\/div>\n\t\t\t\t\t\t\t<\/div>\n\t\t<\/section>\n\t\t\t\t\t\t\t<\/div>\n\t\t","protected":false},"excerpt":{"rendered":"<p>QUI\u00c9NES SOMOS La compa\u00f1\u00eda Freund Latam SAS, nace de la alianza entre nuestro partner principal Freund Maschinenfabrik GmbH &amp; Co.<\/p>\n","protected":false},"author":1,"featured_media":0,"parent":0,"menu_order":0,"comment_status":"closed","ping_status":"closed","template":"","meta":{"footnotes":""},"class_list":["post-527","page","type-page","status-publish","hentry"],"_links":{"self":[{"href":"https:\/\/freundlatam.com\/index.php\/wp-json\/wp\/v2\/pages\/527","targetHints":{"allow":["GET"]}}],"collection":[{"href":"https:\/\/freundlatam.com\/index.php\/wp-json\/wp\/v2\/pages"}],"about":[{"href":"https:\/\/freundlatam.com\/index.php\/wp-json\/wp\/v2\/types\/page"}],"author":[{"embeddable":true,"href":"https:\/\/freundlatam.com\/index.php\/wp-json\/wp\/v2\/users\/1"}],"replies":[{"embeddable":true,"href":"https:\/\/freundlatam.com\/index.php\/wp-json\/wp\/v2\/comments?post=527"}],"version-history":[{"count":12,"href":"https:\/\/freundlatam.com\/index.php\/wp-json\/wp\/v2\/pages\/527\/revisions"}],"predecessor-version":[{"id":1415,"href":"https:\/\/freundlatam.com\/index.php\/wp-json\/wp\/v2\/pages\/527\/revisions\/1415"}],"wp:attachment":[{"href":"https:\/\/freundlatam.com\/index.php\/wp-json\/wp\/v2\/media?parent=527"}],"curies":[{"name":"wp","href":"https:\/\/api.w.org\/{rel}","templated":true}]}}